{"id":3039,"date":"2024-08-27T08:05:52","date_gmt":"2024-08-27T08:05:52","guid":{"rendered":"https:\/\/www.kubabastore.com\/?page_id=3039"},"modified":"2024-08-27T08:05:52","modified_gmt":"2024-08-27T08:05:52","slug":"gizlilik-politikasi","status":"publish","type":"page","link":"https:\/\/www.kubabastore.com\/index.php\/gizlilik-politikasi\/","title":{"rendered":"Gizlilik Politikas\u0131"},"content":{"rendered":"<p>[vc_row][vc_column][vc_row_inner css=&#8221;.vc_custom_1423746656783{padding-right: 20% !important;padding-left: 20% !important;}&#8221;][vc_column_inner][vc_column_text]<strong>Gizlilik Politikas\u0131<\/strong><\/p>\n<p>KUBABA Tekstil <strong>Kubabastore.com\u00a0<\/strong> web sitesi ile onunla ba\u011flant\u0131l\u0131 yerel web sitelerinde ziyaret\u00e7ilerin gizlili\u011fine sayg\u0131 duyar ve bilgilerinizi korumak i\u00e7in b\u00fcy\u00fck \u00f6zen g\u00f6sterir. Bu gizlilik politikas\u0131 sizden hangi bilgileri toplad\u0131\u011f\u0131m\u0131z\u0131, bunlar\u0131 nas\u0131l kullanabilece\u011fimizi ve korunmas\u0131n\u0131 sa\u011flamak i\u00e7in att\u0131\u011f\u0131m\u0131z ad\u0131mlar\u0131 size belirtir.<\/p>\n<p><strong>Hangi ki\u015fisel bilgileri topluyoruz?<\/strong><\/p>\n<p>KUBABA\u2019n\u0131n sizden isim, adres, do\u011fum tarihi, cinsiyet, e-posta adresi gibi ki\u015fisel bilgileri isteyebilece\u011fi durumlar vard\u0131r. Bunu yar\u0131\u015fmalar\/promosyonlar i\u00e7in kay\u0131t oldu\u011funuzda, e-posta gibi cevap verme durumlar\u0131nda ve kay\u0131t veya abonelik gerektiren hizmetler talep etti\u011finizde ve bu gibi benzeri durumlarda yap\u0131yoruz. E-posta g\u00f6nderim listemize dahil olmak istiyorsan\u0131z, sizi kat\u0131lmaya davet edece\u011fiz. Ayr\u0131ca sizden \u00fc\u00e7\u00fcnc\u00fc bir parti hakk\u0131nda da; \u00f6rne\u011fin web sitesinden e-kartpostal g\u00f6nderebilmeniz durumunda, al\u0131c\u0131n\u0131n ad\u0131n\u0131 ve e-posta adresini bilmemiz gereken durumlarda ki\u015fisel bilgi toplayabiliriz. Bu bilgiler sadece (e-kartpostal g\u00f6nderimi) belirli bir ama\u00e7 i\u00e7in kullan\u0131lacak ve \u00fc\u00e7\u00fcnc\u00fc partiler bizimle temasa ge\u00e7medi\u011fi s\u00fcrece, KUBABA \u00fc\u00e7\u00fcnc\u00fc partilerle ileti\u015fim kurmayacakt\u0131r.<\/p>\n<p>\u2018Tan\u0131mlama Bilgisi\u2019ni, web sitemize yapt\u0131\u011f\u0131n\u0131z ziyaretler hakk\u0131nda bilgi toplamak ve deneyiminizi geli\u015ftirmek amac\u0131yla kullan\u0131yoruz. Bu b\u00f6l\u00fcmde tan\u0131mlama bilgilerini nas\u0131l kulland\u0131\u011f\u0131m\u0131z hakk\u0131nda daha fazla bilgi bulabilirsiniz.<\/p>\n<p>Web sitemizi ziyaret etti\u011finizde, \u2018t\u0131klatma ak\u0131\u015f\u0131\u2018 ad\u0131 verilen verileri topluyoruz (sunucu adresi, alan ad\u0131 vb.). Analiz yapmam\u0131z\u0131 ve ziyaretlerinizi daha iyi \u00e7al\u0131\u015facak \u015fekilde \u00f6zelle\u015ftirmemizi sa\u011flayan bu bilgiler, bize sa\u011flam\u0131\u015f oldu\u011funuz bilgiler (\u00f6rne\u011fin kaydolarak) ile birle\u015ftirilebilir<\/p>\n<p><strong>Ziyaret\u00e7i Bilgilerinin kullan\u0131m\u0131<\/strong><\/p>\n<p>Sizinle ilgili elde etti\u011fimiz t\u00fcm ki\u015fisel bilgiler, g\u00fcncel veri koruma mevzuat\u0131na ve gizlilik politikas\u0131na uygun olarak taraf\u0131m\u0131zca kay\u0131t alt\u0131na al\u0131nacak, kullan\u0131lacak ve korunacakt\u0131r. Ki\u015fisel bilgilerinizi \u00f6ncelikle size \u00fcr\u00fcn ve hizmetleri sa\u011flamak i\u00e7in kullanaca\u011f\u0131z. \u00d6rne\u011fin:<\/p>\n<p>\u0130lginizi \u00e7ekece\u011fini d\u00fc\u015f\u00fcnd\u00fc\u011f\u00fcm\u00fcz \u00fcr\u00fcnler, f\u0131rsatlar ve haberlerle ilgili bilgileri e-posta veya sms yoluyla size g\u00f6ndermek i\u00e7in. Bu bilgiler, \u00fcr\u00fcnler, teklifler ve KUBABA haberleri ve\/veya onun lisanslar\u0131 veya dikkatle se\u00e7ilmi\u015f ticari ortaklar\u0131yla ilgili olabilir. Bunu yaln\u0131zca KUBABA e-posta ve\/veya sms mesajlar\u0131 almay\u0131 tercih ettiyseniz size g\u00f6nderece\u011fiz . Art\u0131k bizden herhangi bir e-posta ve\/veya sms mesaj\u0131 almak istemiyorsan\u0131z , veya ki\u015fisel verilerinizi de\u011fi\u015ftirmek istiyorsan\u0131z ya da ki\u015fisel bilgilerinizin veri taban\u0131m\u0131zdan silinmesini istiyorsan\u0131z, sizi a\u015fa\u011f\u0131da yer alan \u2018Tercih de\u011fi\u015ftirme, ki\u015fisel bilgileri silme veya de\u011fi\u015ftirme\u2019 k\u0131sm\u0131na y\u00f6nlendiriyoruz<\/p>\n<p>Bu b\u00f6l\u00fcm, web sitesine yap\u0131lan ziyaretleri analiz etmek ve ziyaret\u00e7ilerin genel ilgi alanlar\u0131 hakk\u0131nda bilgi edinmek ve ayr\u0131ca bireysel ilgi ve ihtiya\u00e7lar\u0131n\u0131 anlamak ve b\u00f6ylece \u00fcr\u00fcn ve hizmetlerimizi geli\u015ftirerek ilginizi \u00e7eken i\u00e7erik, \u00f6zellik ve promosyonlar sunmam\u0131z\u0131 sa\u011fl\u0131yor.<\/p>\n<p><strong>Ziyaret\u00e7i bilgilerini kim y\u00f6netiyor?<\/strong><\/p>\n<p>KUBABA \u2019n\u0131n mevcut global ve yerel web sitelerini bar\u0131nd\u0131ran sunucular ABD\u2019de bulunmaktad\u0131r. E\u011fer ABD d\u0131\u015f\u0131nda bulunuyorsan\u0131z, l\u00fctfen sa\u011flad\u0131\u011f\u0131n\u0131z bilgilerin ABD\u2019ye transfer olaca\u011f\u0131n\u0131 ve bilgilerinizi girerek ile bu transfere izin verdi\u011finizi unutmay\u0131n. KUBABA verilerinizin korunmas\u0131 konusunda yeterli g\u00fcvencenin sa\u011flanmas\u0131 i\u00e7in ABD\u2019de bulunan hosting \u015firketi ile bir anla\u015fma yapm\u0131\u015ft\u0131r. Ki\u015fisel bilgiler, g\u00fcncel veri koruma mevzuat\u0131na ve bu Gizlilik Politikas\u0131na uygun olarak tutulacakt\u0131r.<\/p>\n<p><strong>Ziyaret\u00e7i bilgilerinin korunmas\u0131<\/strong><\/p>\n<p>Web sitemizi ziyaret ederek bize verdi\u011finiz bilgileri korumak amac\u0131yla \u00e7e\u015fitli g\u00fcvenlik \u00f6nlemleri uygulamaktay\u0131z. Ki\u015fisel bilgileriniz g\u00fcvenli a\u011flar arkas\u0131nda yer al\u0131r ve \u00f6zel eri\u015fim hakk\u0131na sahip ve bilgileri gizli tutmas\u0131 talep edilen s\u0131n\u0131rl\u0131 say\u0131da ki\u015fi taraf\u0131ndan eri\u015filebilir.<\/p>\n<p>\u00c7evrimi\u00e7i ortamda ki\u015fisel bilgilerinizi verdi\u011finiz zaman, \u00fc\u00e7\u00fcnc\u00fc partilerin bu bilgileri ele ge\u00e7irme ve kullanma riski oldu\u011funu unutmay\u0131n. KUBABA kullan\u0131c\u0131n\u0131n ki\u015fisel bilgilerini ve gizlili\u011fini korumak i\u00e7in \u00e7aba g\u00f6stermesine ra\u011fmen, \u00e7evrimi\u00e7i ortamda a\u00e7\u0131klad\u0131\u011f\u0131n\u0131z hi\u00e7bir bir bilginin g\u00fcvenli\u011fini garanti edemeyiz, risk size aittir.<\/p>\n<p><strong>\u00c7ocuklar\u0131n gizlili\u011fi<\/strong><\/p>\n<p>KUBABA \u00a0aile ve velileri \u00e7ocuklar\u0131 ile internette vakit ge\u00e7irmeye ve WWW\u2019nin sundu\u011fu pek \u00e7ok sitedeki etkinli\u011fe birlikte kat\u0131lmaya te\u015fvik eder.<\/p>\n<p>Bir \u00e7ocuk kendi kayd\u0131n\u0131 ger\u00e7ekle\u015ftirmeye \u00e7al\u0131\u015ft\u0131\u011f\u0131nda, yukar\u0131daki b\u00f6l\u00fcmde \u2018ziyaret\u00e7ilerden ald\u0131\u011f\u0131m\u0131z bilgiler\u2019 k\u0131sm\u0131nda belirtilen bilgiler ile ayn\u0131 t\u00fcrde bilgilerin g\u00f6nderilmesi istenecektir. Ayr\u0131ca \u00e7ocuk taraf\u0131ndan sa\u011flanan ve ziyareti s\u0131ras\u0131nda toplanan bilgi (\u00f6rne\u011fin tan\u0131mlama bilgisi arac\u0131l\u0131\u011f\u0131yla) yukar\u0131da belirtildi\u011fi gibi kullan\u0131labilir.<\/p>\n<p>KUBABA \u00e7ocuklar\u0131n gizlili\u011fini korumay\u0131 taahh\u00fct eder ve 13 ya\u015f\u0131n alt\u0131ndaki \u00e7ocuklardan ki\u015fisel veri toplama amac\u0131 yoktur. E\u011fer 13 ya\u015f\u0131n alt\u0131ndaysan\u0131z ve kayd\u0131n\u0131z\u0131 g\u00f6ndermeye \u00e7al\u0131\u015f\u0131yorsan\u0131z, kayd\u0131n\u0131z reddedilir ve size 13 ya\u015f\u0131n alt\u0131ndaki \u00e7ocuklardan kay\u0131t kabul etmedi\u011fimiz bilgisini veririz. 13 ya\u015f\u0131n alt\u0131ndaki \u00e7ocuklar\u0131n aile ve velilerinin, \u00e7ocuklar\u0131n\u0131n e-posta ve di\u011fer \u00e7evrimi\u00e7i etkinliklerini d\u00fczenli olarak kontrol etmelerini ve izlemelerini \u00f6neririz.<\/p>\n<p><strong>\u00dc\u00e7\u00fcnc\u00fc partiler<\/strong><\/p>\n<p>Bilgilerin \u00fc\u00e7\u00fcnc\u00fc partilere if\u015fas\u0131<\/p>\n<p>Yukar\u0131da belirtilen ama\u00e7lar i\u00e7in KUBABA Grubu\u2019na ait \u015firketler d\u0131\u015f\u0131nda ve a\u015fa\u011f\u0131da a\u00e7\u0131klananlar hari\u00e7; \u00f6nceden haber vermeden ve ge\u00e7erli veri koruma yasas\u0131 uyar\u0131nca; ki\u015fisel bilgilerinizi satm\u0131yor, ticaretini yapm\u0131yor veya ba\u015fka \u015fekilde \u00fc\u00e7\u00fcnc\u00fc partilere transfer etmiyoruz. KUBABA Grubu\u2019nun t\u00fcm \u00fcyeleri, gizlilik ve ki\u015fisel bilgilerin korunmas\u0131na de\u011fer verir ve y\u00fcr\u00fcrl\u00fckte olan benzeri gizlilik politikalar\u0131 vard\u0131r. Verileriniz, web sitesi bar\u0131nd\u0131rma (hosting) ortaklar\u0131na ve sitenin tasar\u0131m\u0131 ve \u00e7al\u0131\u015fmas\u0131, hizmetlerinin y\u00fcr\u00fct\u00fclmesi (\u00f6rne\u011fin \u00f6d\u00fcl kazan\u0131lmas\u0131 durumunda) veya toplanan verilerin analizi konusunda bize yard\u0131mc\u0131 olan di\u011fer taraflara aktar\u0131labilir. S\u00f6z konusu partiler, verilerinizi sadece i\u015fleri belirtildi\u011fi \u015fekilde y\u00fcr\u00fctmek amac\u0131yla kullanacak ve bu bilgileri gizli tutmalar\u0131 istenecektir. Ayr\u0131ca yasalar gerektirdi\u011fi takdirde ki\u015fisel verileri a\u00e7\u0131klayaca\u011f\u0131z.<\/p>\n<p><strong>\u00dc\u00e7\u00fcnc\u00fc parti ba\u011flant\u0131lar\u0131<\/strong><\/p>\n<p>Size kolayl\u0131k sa\u011flamak ve web sitesinin kullan\u0131m\u0131n\u0131 art\u0131rmak amac\u0131yla, \u00fc\u00e7\u00fcnc\u00fc partilere giden, bu gizlilik ilkesinin ge\u00e7erli olmad\u0131\u011f\u0131 ba\u011flant\u0131lar ekliyoruz. Bu ba\u011flant\u0131lar sizi hizmetlerimizin ve KUBABA sitesinin d\u0131\u015f\u0131na ta\u015f\u0131r ve kontrol\u00fcm\u00fcz d\u0131\u015f\u0131ndad\u0131r. Bu, birlikte markalama anla\u015fmas\u0131n\u0131n par\u00e7as\u0131 olarak KUBABA logolar\u0131n\u0131 kullanabilen ortaklara yap\u0131lan ba\u011flant\u0131lar\u0131 da kapsar. Ba\u011flant\u0131 kurabilece\u011finiz sitelerin kendi \u00f6zerk gizlilik ilkeleri vard\u0131r ve kendi sitemizin b\u00fct\u00fcnl\u00fc\u011f\u00fcn\u00fc korumaya \u00e7al\u0131\u015fmam\u0131za ra\u011fmen, KUBABA bu sitelerin i\u00e7erik ve faaliyetlerinden sorumlu de\u011fildir ve bu sitelerle ilgili olarak y\u00fck\u00fcml\u00fcl\u00fck alt\u0131na sokulamaz. Bu sitelere yapt\u0131\u011f\u0131n\u0131z ziyaret\/eri\u015fimden do\u011fan risk tamamen size aittir. Bu di\u011fer siteler, kullan\u0131c\u0131lara kendi tan\u0131mlama bilgisini g\u00f6nderebilir, veri toplayabilir veya ki\u015fisel bilgileri talep edebilir.<\/p>\n<p><strong>Tan\u0131mlama bilgisinin kullan\u0131m\u0131<\/strong><\/p>\n<p>Tan\u0131mlama bilgisi, ziyaret etti\u011finiz web sitesi taraf\u0131ndan tan\u0131tma ama\u00e7l\u0131 olarak bilgisayar\u0131n\u0131za y\u00fcklenen k\u00fc\u00e7\u00fck veri par\u00e7alar\u0131d\u0131r. Tan\u0131mlama bilgisi, web sitesi \u00fczerindeki etkinliklerinizi takip etmek i\u00e7in kullan\u0131labilir ve bu bilgi bize tercihlerinizi anlamak ve web sitesi deneyiminizi geli\u015ftirmek konusunda yard\u0131mc\u0131 olur. Tan\u0131mlama bilgisi, \u00f6rne\u011fin kullan\u0131c\u0131 ad\u0131n\u0131z\u0131 ve \u015fifrenizi hat\u0131rlamak i\u00e7in de kullan\u0131l\u0131r.<\/p>\n<p>Bunlar\u0131n gelmesini istemiyorsan\u0131z, t\u00fcm tan\u0131mlama bilgilerini kapatabilirsiniz. Ayr\u0131ca tan\u0131mlama bilgisi kullan\u0131ld\u0131\u011f\u0131 zaman, bilgisayar\u0131n\u0131z\u0131n sizi uyarmas\u0131n\u0131 sa\u011flayabilirsiniz. Her iki se\u00e7enekte de taray\u0131c\u0131n\u0131z\u0131n ayarlar\u0131n\u0131 (internet explorer gibi) de\u011fi\u015ftirmeniz gerekir. Ayr\u0131ca tan\u0131mlama bilgilerini sizin i\u00e7in y\u00f6netebilen yaz\u0131l\u0131m \u00fcr\u00fcnleri de bulunmaktad\u0131r. Unutmay\u0131n ki, bilgisayar\u0131n\u0131z\u0131 tan\u0131mlama bilgisini reddetmeye ayarlad\u0131\u011f\u0131n\u0131z takdirde, ziyaret etti\u011finiz web sitesinin i\u015flevselli\u011fi s\u0131n\u0131rlanabilir ve web sitesindeki baz\u0131 \u00f6zelliklere eri\u015fim sa\u011flayamayabilirsiniz.<\/p>\n<p><strong>Tercih de\u011fi\u015ftirme , ki\u015fisel bilgileri silme veya de\u011fi\u015ftirme<\/strong><\/p>\n<p>\u0130stedi\u011finiz zaman kayd\u0131n\u0131z\u0131 iptal edebilir, ve KUBABA\u2019dan e-posta ve\/veya sms mesaj\u0131 almamay\u0131 tercih edebilirsiniz. Ayr\u0131ca t\u00fcm ki\u015fisel bilgilerinizin veri taban\u0131m\u0131zdan silinmesini se\u00e7ebilirsiniz.<\/p>\n<p>Tercihinizi de\u011fi\u015ftirmek, ki\u015fisel bilgilerinizi silmek veya de\u011fi\u015ftirmek istiyorsan\u0131z, l\u00fctfen kay\u0131t sayfas\u0131n\u0131 ziyaret edin. Ki\u015fisel bilgilerinizin de\u011fi\u015fmesi durumunda, hemen g\u00fcncelleme yapman\u0131z\u0131 \u00f6neririz.<\/p>\n<p><strong>Gizlilik Politikas\u0131 de\u011fi\u015fiklikleri<\/strong><\/p>\n<p>Y\u00f6netmelikteki de\u011fi\u015fiklikler nedeniyle ve internetteki yeni geli\u015fmelere ve olanaklara ayak uydurmak amac\u0131yla, zaman zaman bu politikan\u0131n de\u011fi\u015ftirilmesine ihtiya\u00e7 duyabiliriz. Bu nedenle, diledi\u011fimiz zamanda bu de\u011fi\u015fiklikleri yapma hakk\u0131m\u0131z\u0131 sakl\u0131 tutuyoruz ve web sitemizi ziyaret ederken bu de\u011fi\u015fikliklere tabi oldu\u011funuz i\u00e7in, sizden bu sayfay\u0131 d\u00fczenli olarak kontrol etmenizi rica ediyoruz.<\/p>\n<p><strong>Kubabastore.com\u00a0<\/strong> sitesi \u00fczerinden eri\u015filebilen yerel KUBABA web siteleri i\u00e7in benzer gizlilik politikalar\u0131 y\u00fcr\u00fcrl\u00fcktedir, ancak yerel y\u00f6netmeliklere ba\u011fl\u0131 baz\u0131 farkl\u0131l\u0131klar olabilir. Bu y\u00fczden ziyaret etti\u011finiz\u00a0\u00a0KUBABA sitesinin gizlilik politikas\u0131n\u0131 okuman\u0131z\u0131 \u00f6neririz.<\/p>\n<p><em>Bize nas\u0131l ula\u015fabilirsiniz<\/em><\/p>\n<p>Web sitemiz veya gizlilik politikam\u0131z ile ilgili, herhangi bir soru veya yorumunuz varsa, l\u00fctfen bize yaz\u0131n: kubabamail@gmail.com<\/p>\n<p><strong>Onay\u0131n\u0131z<\/strong><\/p>\n<p>KUBABA web sitesini kullanarak, buradaki Gizlilik Politikas\u0131 \u015fartlar\u0131n\u0131 ve di\u011fer \u015eartlar\u0131m\u0131z\u0131 ve Ko\u015fullar\u0131m\u0131z\u0131 kabul etmi\u015f say\u0131l\u0131rs\u0131n\u0131z. E\u011fer Gizlilik Politikas\u0131 \u015fartlar\u0131m\u0131z\u0131 ve t\u00fcm \u015eartlar\u0131m\u0131z\u0131 ve Ko\u015fullar\u0131m\u0131z\u0131 kabul etmiyorsan\u0131z, l\u00fctfen ki\u015fisel bilgilerinizi vermeyiniz ve siteyi kullanmay\u0131n\u0131z.<\/p>\n<p><strong>\u00c7evrimi\u00e7i politika<\/strong><\/p>\n<p>Gizlilik Politikas\u0131 internet kullan\u0131m\u0131n\u0131n do\u011fas\u0131nda olan hi\u00e7bir \u015fey i\u00e7in ge\u00e7erli de\u011fildir ve bu y\u00fczden KUBABA \u2018n\u0131n kontrol\u00fc d\u0131\u015f\u0131ndad\u0131r ve ge\u00e7erli yasalara ya da h\u00fckumet y\u00f6netmeli\u011fine ayk\u0131r\u0131 olacak hi\u00e7bir \u015fekilde uygulanamaz. Bu \u00e7evrimi\u00e7i gizlilik politikas\u0131 sadece web sitemiz arac\u0131l\u0131\u011f\u0131yla toplanan bilgiler i\u00e7in ge\u00e7erlidir ve \u00e7evrimd\u0131\u015f\u0131 toplanan bilgiler i\u00e7in ge\u00e7erli de\u011fildir.<\/p>\n<p>&nbsp;[\/vc_column_text][\/vc_column_inner][\/vc_row_inner][\/vc_column][\/vc_row]<\/p>\n","protected":false},"excerpt":{"rendered":"<p>[vc_row][vc_column][vc_row_inner css=&#8221;.vc_custom_1423746656783{padding-right: 20% !important;padding-left: 20% !important;}&#8221;][vc_column_inner][vc_column_text]Gizlilik Politikas\u0131 KUBABA Tekstil Kubabastore.com\u00a0 web sitesi ile onunla ba\u011flant\u0131l\u0131 yerel web sitelerinde ziyaret\u00e7ilerin gizlili\u011fine sayg\u0131 duyar ve bilgilerinizi korumak i\u00e7in b\u00fcy\u00fck \u00f6zen g\u00f6sterir. Bu gizlilik politikas\u0131 sizden hangi bilgileri toplad\u0131\u011f\u0131m\u0131z\u0131, bunlar\u0131 nas\u0131l kullanabilece\u011fimizi ve korunmas\u0131n\u0131 sa\u011flamak i\u00e7in att\u0131\u011f\u0131m\u0131z ad\u0131mlar\u0131 size belirtir. Hangi ki\u015fisel bilgileri topluyoruz? KUBABA\u2019n\u0131n sizden isim, adres,<br class=\"read-more-spacer\"> <a class=\"more-link\" href=\"https:\/\/www.kubabastore.com\/index.php\/gizlilik-politikasi\/\">Read More<\/a><\/p>\n","protected":false},"author":1,"featured_media":2456,"parent":0,"menu_order":0,"comment_status":"closed","ping_status":"closed","template":"","meta":{"footnotes":""},"class_list":["post-3039","page","type-page","status-publish","has-post-thumbnail","hentry"],"acf":[],"_links":{"self":[{"href":"https:\/\/www.kubabastore.com\/index.php\/wp-json\/wp\/v2\/pages\/3039","targetHints":{"allow":["GET"]}}],"collection":[{"href":"https:\/\/www.kubabastore.com\/index.php\/wp-json\/wp\/v2\/pages"}],"about":[{"href":"https:\/\/www.kubabastore.com\/index.php\/wp-json\/wp\/v2\/types\/page"}],"author":[{"embeddable":true,"href":"https:\/\/www.kubabastore.com\/index.php\/wp-json\/wp\/v2\/users\/1"}],"replies":[{"embeddable":true,"href":"https:\/\/www.kubabastore.com\/index.php\/wp-json\/wp\/v2\/comments?post=3039"}],"version-history":[{"count":2,"href":"https:\/\/www.kubabastore.com\/index.php\/wp-json\/wp\/v2\/pages\/3039\/revisions"}],"predecessor-version":[{"id":3041,"href":"https:\/\/www.kubabastore.com\/index.php\/wp-json\/wp\/v2\/pages\/3039\/revisions\/3041"}],"wp:featuredmedia":[{"embeddable":true,"href":"https:\/\/www.kubabastore.com\/index.php\/wp-json\/"}],"wp:attachment":[{"href":"https:\/\/www.kubabastore.com\/index.php\/wp-json\/wp\/v2\/media?parent=3039"}],"curies":[{"name":"wp","href":"https:\/\/api.w.org\/{rel}","templated":true}]}}