{"id":1793,"date":"2015-08-20T11:04:28","date_gmt":"2015-08-20T11:04:28","guid":{"rendered":"http:\/\/localhostreverse\/product\/heathered-double-knit-hoodie\/"},"modified":"2025-08-23T21:40:03","modified_gmt":"2025-08-23T21:40:03","slug":"ferra-kimono-kaftan","status":"publish","type":"product","link":"https:\/\/www.kubabastore.com\/index.php\/urun\/ferra-kimono-kaftan\/","title":{"rendered":"FERRA KIMONO"},"content":{"rendered":"<p>KUBABA FERRA KIMONO pamuklu kuma\u015ftan el i\u015f\u00e7ili\u011fi ile \u00fcretilmi\u015ftir.<\/p>\n<p>Pamuklu \u00f6zel el dokumas\u0131 kuma\u015ftan yap\u0131lm\u0131\u015f, kollar\u0131 ayna i\u015flemeli Ferra kimono, hem geleneksel hem de mordern bir \u015f\u0131kl\u0131k sunan bir par\u00e7ad\u0131r.<\/p>\n<p>Pamuklu kuma\u015f\u0131n do\u011fal yap\u0131s\u0131, Ferra kimonoya rahatl\u0131k ve nefes alabilirlik kazand\u0131r\u0131rken, el dokumas\u0131 \u00f6zelli\u011fi \u00f6zg\u00fcn bir dokunu\u015f ekler.<\/p>\n<p>Kollar\u0131ndaki ayna i\u015flemeler, g\u00f6rsel olarak zenginle\u015ftirir ve parlak \u0131\u015f\u0131lt\u0131l\u0131 bir detay katar.<\/p>\n<p>Bu t\u00fcr i\u015flemeler ile geleneksel bir hava yaratmakta olup modern kesimi ile birle\u015fti\u011finde \u015f\u0131k ve sofistike bir stil olu\u015fturmaktad\u0131r.<\/p>\n<p>Small, Medium ve Large bedenlerle uyumludur.<\/p>\n<p>&nbsp;<\/p>\n","protected":false},"excerpt":{"rendered":"<p>KUBABA FERRA KIMONO pamuklu kuma\u015ftan el i\u015f\u00e7ili\u011fi ile \u00fcretilmi\u015ftir. Pamuklu \u00f6zel el dokumas\u0131 kuma\u015ftan yap\u0131lm\u0131\u015f, kollar\u0131 ayna i\u015flemeli Ferra kimono, hem geleneksel hem de mordern bir \u015f\u0131kl\u0131k sunan bir par\u00e7ad\u0131r. Pamuklu kuma\u015f\u0131n do\u011fal yap\u0131s\u0131, Ferra kimonoya rahatl\u0131k ve nefes alabilirlik kazand\u0131r\u0131rken, el dokumas\u0131 \u00f6zelli\u011fi \u00f6zg\u00fcn bir dokunu\u015f ekler. Kollar\u0131ndaki ayna i\u015flemeler, g\u00f6rsel olarak zenginle\u015ftirir ve<br class=\"read-more-spacer\"> <a class=\"more-link\" href=\"https:\/\/www.kubabastore.com\/index.php\/urun\/ferra-kimono-kaftan\/\">Read More<\/a><\/p>\n","protected":false},"featured_media":2944,"comment_status":"open","ping_status":"closed","template":"","meta":[],"product_brand":[],"product_cat":[63,68],"product_tag":[78],"class_list":{"0":"post-1793","1":"product","2":"type-product","3":"status-publish","4":"has-post-thumbnail","6":"product_cat-kadin","7":"product_cat-kimono","8":"product_tag-kimono","10":"first","11":"instock","12":"shipping-taxable","13":"purchasable","14":"product-type-simple","15":"add-to-wishlist-after_add_to_cart"},"acf":[],"_links":{"self":[{"href":"https:\/\/www.kubabastore.com\/index.php\/wp-json\/wp\/v2\/product\/1793","targetHints":{"allow":["GET"]}}],"collection":[{"href":"https:\/\/www.kubabastore.com\/index.php\/wp-json\/wp\/v2\/product"}],"about":[{"href":"https:\/\/www.kubabastore.com\/index.php\/wp-json\/wp\/v2\/types\/product"}],"replies":[{"embeddable":true,"href":"https:\/\/www.kubabastore.com\/index.php\/wp-json\/wp\/v2\/comments?post=1793"}],"wp:featuredmedia":[{"embeddable":true,"href":"https:\/\/www.kubabastore.com\/index.php\/wp-json\/wp\/v2\/media\/2944"}],"wp:attachment":[{"href":"https:\/\/www.kubabastore.com\/index.php\/wp-json\/wp\/v2\/media?parent=1793"}],"wp:term":[{"taxonomy":"product_brand","embeddable":true,"href":"https:\/\/www.kubabastore.com\/index.php\/wp-json\/wp\/v2\/product_brand?post=1793"},{"taxonomy":"product_cat","embeddable":true,"href":"https:\/\/www.kubabastore.com\/index.php\/wp-json\/wp\/v2\/product_cat?post=1793"},{"taxonomy":"product_tag","embeddable":true,"href":"https:\/\/www.kubabastore.com\/index.php\/wp-json\/wp\/v2\/product_tag?post=1793"}],"curies":[{"name":"wp","href":"https:\/\/api.w.org\/{rel}","templated":true}]}}