{"id":1833,"date":"2015-08-20T11:32:24","date_gmt":"2015-08-20T11:32:24","guid":{"rendered":"http:\/\/localhostreverse\/product\/geo-print-paneled-sweatshirt\/"},"modified":"2026-03-06T16:48:01","modified_gmt":"2026-03-06T16:48:01","slug":"boho","status":"publish","type":"product","link":"https:\/\/www.kubabastore.com\/index.php\/urun\/boho\/","title":{"rendered":"GREVA KIMONO"},"content":{"rendered":"<p>KUBABA GREVA KIMONO pamuklu kuma\u015ftan el i\u015f\u00e7ili\u011fi ile \u00fcretilmi\u015ftir.<\/p>\n<p>Kol detay\u0131ndaki Hint i\u015fi man\u015fet, olduk\u00e7a \u015f\u0131k ve etnik bir hava ta\u015f\u0131maktad\u0131r.<\/p>\n<p>\u0130nce i\u015f\u00e7ilikle haz\u0131rlanan Greva kimono, geleneksel desenler ve nak\u0131\u015flarla kollar\u0131 s\u00fcslenmi\u015ftir.<\/p>\n<p>Bu detaylar, Greva kimonoya zarif bir k\u00fclt\u00fcrel dokunu\u015f ekler ve bohem bir stil kazand\u0131r\u0131r.<\/p>\n<p>Beyaz renk, temiz ve sade bir g\u00f6r\u00fcn\u00fcm sunarken, Hint i\u015fi kol man\u015fetleri bu sade g\u00f6r\u00fcn\u00fcm\u00fc zenginle\u015ftirir.<\/p>\n<p>Greva kimono, plaj giyim ve g\u00fcnl\u00fck kullan\u0131m i\u00e7in rahat bir se\u00e7enek olabilece\u011fi gibi, \u00f6zel davetlerde veya yaz ak\u015famlar\u0131nda \u015f\u0131k bir alternatif olarak da tercih edilebilir.<\/p>\n<p>Small, Medium\u00a0 ve Large bedenlerle uyumludur.<\/p>\n","protected":false},"excerpt":{"rendered":"<p>KUBABA GREVA KIMONO pamuklu kuma\u015ftan el i\u015f\u00e7ili\u011fi ile \u00fcretilmi\u015ftir. Kol detay\u0131ndaki Hint i\u015fi man\u015fet, olduk\u00e7a \u015f\u0131k ve etnik bir hava ta\u015f\u0131maktad\u0131r. \u0130nce i\u015f\u00e7ilikle haz\u0131rlanan Greva kimono, geleneksel desenler ve nak\u0131\u015flarla kollar\u0131 s\u00fcslenmi\u015ftir. Bu detaylar, Greva kimonoya zarif bir k\u00fclt\u00fcrel dokunu\u015f ekler ve bohem bir stil kazand\u0131r\u0131r. Beyaz renk, temiz ve sade bir g\u00f6r\u00fcn\u00fcm sunarken, Hint<br class=\"read-more-spacer\"> <a class=\"more-link\" href=\"https:\/\/www.kubabastore.com\/index.php\/urun\/boho\/\">Read More<\/a><\/p>\n","protected":false},"featured_media":2920,"comment_status":"open","ping_status":"closed","template":"","meta":[],"product_brand":[],"product_cat":[63,68],"product_tag":[78],"class_list":{"0":"post-1833","1":"product","2":"type-product","3":"status-publish","4":"has-post-thumbnail","6":"product_cat-kadin","7":"product_cat-kimono","8":"product_tag-kimono","10":"first","11":"instock","12":"featured","13":"shipping-taxable","14":"purchasable","15":"product-type-simple","16":"add-to-wishlist-after_add_to_cart"},"acf":[],"_links":{"self":[{"href":"https:\/\/www.kubabastore.com\/index.php\/wp-json\/wp\/v2\/product\/1833","targetHints":{"allow":["GET"]}}],"collection":[{"href":"https:\/\/www.kubabastore.com\/index.php\/wp-json\/wp\/v2\/product"}],"about":[{"href":"https:\/\/www.kubabastore.com\/index.php\/wp-json\/wp\/v2\/types\/product"}],"replies":[{"embeddable":true,"href":"https:\/\/www.kubabastore.com\/index.php\/wp-json\/wp\/v2\/comments?post=1833"}],"wp:featuredmedia":[{"embeddable":true,"href":"https:\/\/www.kubabastore.com\/index.php\/wp-json\/wp\/v2\/media\/2920"}],"wp:attachment":[{"href":"https:\/\/www.kubabastore.com\/index.php\/wp-json\/wp\/v2\/media?parent=1833"}],"wp:term":[{"taxonomy":"product_brand","embeddable":true,"href":"https:\/\/www.kubabastore.com\/index.php\/wp-json\/wp\/v2\/product_brand?post=1833"},{"taxonomy":"product_cat","embeddable":true,"href":"https:\/\/www.kubabastore.com\/index.php\/wp-json\/wp\/v2\/product_cat?post=1833"},{"taxonomy":"product_tag","embeddable":true,"href":"https:\/\/www.kubabastore.com\/index.php\/wp-json\/wp\/v2\/product_tag?post=1833"}],"curies":[{"name":"wp","href":"https:\/\/api.w.org\/{rel}","templated":true}]}}