{"id":3314,"date":"2024-10-23T14:14:31","date_gmt":"2024-10-23T14:14:31","guid":{"rendered":"https:\/\/www.kubabastore.com\/?post_type=product&#038;p=3314"},"modified":"2025-05-20T18:40:35","modified_gmt":"2025-05-20T18:40:35","slug":"utu-ceket","status":"publish","type":"product","link":"https:\/\/www.kubabastore.com\/index.php\/urun\/utu-ceket\/","title":{"rendered":"UTU CEKET"},"content":{"rendered":"<p>KUBABA UTU CEKET, ipek brokar kuma\u015ftan el i\u015f\u00e7ili\u011fi ile \u00fcretilmi\u015ftir.<\/p>\n<p>\u00dc\u00e7 boyutlu desenleri ile olduk\u00e7a etkileyici bir par\u00e7a olarak \u00f6ne \u00e7\u0131kar.<\/p>\n<p>\u0130pek dokusu sayesinde hafif ve l\u00fcks bir his sunarken, neon renklerin enerjisi dinamik bir hava katar.<\/p>\n<p>\u00dc\u00e7 boyutlu desenler, g\u00f6rselli\u011fi artt\u0131rarak ceketimizi s\u0131radanl\u0131ktan uzakla\u015ft\u0131r\u0131r.<\/p>\n<p>Utu ceket, \u015f\u0131k bir elbise ve ya sade bluz ile m\u00fckemmel bir \u015fekilde kombinlenebilir.<\/p>\n<p>\u00d6zel etkinliklerde ve ya davetlerde \u015f\u0131kl\u0131\u011f\u0131n\u0131z\u0131 tamamlayacak harika bir se\u00e7imdir.<\/p>\n<p>Small, Medium ve Large bedenlerle uyumludur.<\/p>\n","protected":false},"excerpt":{"rendered":"<p>KUBABA UTU CEKET, ipek brokar kuma\u015ftan el i\u015f\u00e7ili\u011fi ile \u00fcretilmi\u015ftir. \u00dc\u00e7 boyutlu desenleri ile olduk\u00e7a etkileyici bir par\u00e7a olarak \u00f6ne \u00e7\u0131kar. \u0130pek dokusu sayesinde hafif ve l\u00fcks bir his sunarken, neon renklerin enerjisi dinamik bir hava katar. \u00dc\u00e7 boyutlu desenler, g\u00f6rselli\u011fi artt\u0131rarak ceketimizi s\u0131radanl\u0131ktan uzakla\u015ft\u0131r\u0131r. Utu ceket, \u015f\u0131k bir elbise ve ya sade bluz ile<br class=\"read-more-spacer\"> <a class=\"more-link\" href=\"https:\/\/www.kubabastore.com\/index.php\/urun\/utu-ceket\/\">Read More<\/a><\/p>\n","protected":false},"featured_media":3476,"comment_status":"open","ping_status":"closed","template":"","meta":[],"product_brand":[],"product_cat":[104,63],"product_tag":[],"class_list":{"0":"post-3314","1":"product","2":"type-product","3":"status-publish","4":"has-post-thumbnail","6":"product_cat-ceket","7":"product_cat-kadin","9":"first","10":"instock","11":"shipping-taxable","12":"purchasable","13":"product-type-simple","14":"add-to-wishlist-after_add_to_cart"},"acf":[],"_links":{"self":[{"href":"https:\/\/www.kubabastore.com\/index.php\/wp-json\/wp\/v2\/product\/3314","targetHints":{"allow":["GET"]}}],"collection":[{"href":"https:\/\/www.kubabastore.com\/index.php\/wp-json\/wp\/v2\/product"}],"about":[{"href":"https:\/\/www.kubabastore.com\/index.php\/wp-json\/wp\/v2\/types\/product"}],"replies":[{"embeddable":true,"href":"https:\/\/www.kubabastore.com\/index.php\/wp-json\/wp\/v2\/comments?post=3314"}],"wp:featuredmedia":[{"embeddable":true,"href":"https:\/\/www.kubabastore.com\/index.php\/wp-json\/wp\/v2\/media\/3476"}],"wp:attachment":[{"href":"https:\/\/www.kubabastore.com\/index.php\/wp-json\/wp\/v2\/media?parent=3314"}],"wp:term":[{"taxonomy":"product_brand","embeddable":true,"href":"https:\/\/www.kubabastore.com\/index.php\/wp-json\/wp\/v2\/product_brand?post=3314"},{"taxonomy":"product_cat","embeddable":true,"href":"https:\/\/www.kubabastore.com\/index.php\/wp-json\/wp\/v2\/product_cat?post=3314"},{"taxonomy":"product_tag","embeddable":true,"href":"https:\/\/www.kubabastore.com\/index.php\/wp-json\/wp\/v2\/product_tag?post=3314"}],"curies":[{"name":"wp","href":"https:\/\/api.w.org\/{rel}","templated":true}]}}