{"id":3450,"date":"2024-11-12T16:39:25","date_gmt":"2024-11-12T16:39:25","guid":{"rendered":"https:\/\/www.kubabastore.com\/?post_type=product&#038;p=3450"},"modified":"2025-08-15T10:11:16","modified_gmt":"2025-08-15T10:11:16","slug":"sela-kimono","status":"publish","type":"product","link":"https:\/\/www.kubabastore.com\/index.php\/urun\/sela-kimono\/","title":{"rendered":"SELA KIMONO"},"content":{"rendered":"<p>KUBABA SELA KIMONO pamuklu kuma\u015ftan el i\u015f\u00e7ili\u011fi ile \u00fcretilmi\u015ftir.<\/p>\n<p>Rahat kesimi ile g\u00fcnl\u00fck kullan\u0131ma uygun, rahat hareket etme \u00f6zg\u00fcrl\u00fc\u011f\u00fc sunan, relax tasar\u0131m yumu\u015fak dokusu ile konforlu bir deneyim sa\u011flayan triko kuma\u015f yap\u0131s\u0131 her ya\u015f grubuna hitap eden geni\u015f kullan\u0131c\u0131 yelpazesi ile herkes i\u00e7in ideal canl\u0131 ve renkli desenleri ile dikkat \u00e7eken, stil sahibi bir g\u00f6r\u00fcn\u00fcm sunar.<\/p>\n<p>Kolsuz tasar\u0131m\u0131 sayesinde yaz aylar\u0131nda serinlik ve rahatl\u0131k sa\u011flar.<\/p>\n<p>Small, Medium ve Large bedenlere uyumludur.<\/p>\n","protected":false},"excerpt":{"rendered":"<p>KUBABA SELA KIMONO pamuklu kuma\u015ftan el i\u015f\u00e7ili\u011fi ile \u00fcretilmi\u015ftir. Rahat kesimi ile g\u00fcnl\u00fck kullan\u0131ma uygun, rahat hareket etme \u00f6zg\u00fcrl\u00fc\u011f\u00fc sunan, relax tasar\u0131m yumu\u015fak dokusu ile konforlu bir deneyim sa\u011flayan triko kuma\u015f yap\u0131s\u0131 her ya\u015f grubuna hitap eden geni\u015f kullan\u0131c\u0131 yelpazesi ile herkes i\u00e7in ideal canl\u0131 ve renkli desenleri ile dikkat \u00e7eken, stil sahibi bir g\u00f6r\u00fcn\u00fcm<br class=\"read-more-spacer\"> <a class=\"more-link\" href=\"https:\/\/www.kubabastore.com\/index.php\/urun\/sela-kimono\/\">Read More<\/a><\/p>\n","protected":false},"featured_media":3453,"comment_status":"open","ping_status":"closed","template":"","meta":[],"product_brand":[],"product_cat":[63,68],"product_tag":[],"class_list":{"0":"post-3450","1":"product","2":"type-product","3":"status-publish","4":"has-post-thumbnail","6":"product_cat-kadin","7":"product_cat-kimono","9":"first","10":"instock","11":"shipping-taxable","12":"purchasable","13":"product-type-simple","14":"add-to-wishlist-after_add_to_cart"},"acf":[],"_links":{"self":[{"href":"https:\/\/www.kubabastore.com\/index.php\/wp-json\/wp\/v2\/product\/3450","targetHints":{"allow":["GET"]}}],"collection":[{"href":"https:\/\/www.kubabastore.com\/index.php\/wp-json\/wp\/v2\/product"}],"about":[{"href":"https:\/\/www.kubabastore.com\/index.php\/wp-json\/wp\/v2\/types\/product"}],"replies":[{"embeddable":true,"href":"https:\/\/www.kubabastore.com\/index.php\/wp-json\/wp\/v2\/comments?post=3450"}],"wp:featuredmedia":[{"embeddable":true,"href":"https:\/\/www.kubabastore.com\/index.php\/wp-json\/wp\/v2\/media\/3453"}],"wp:attachment":[{"href":"https:\/\/www.kubabastore.com\/index.php\/wp-json\/wp\/v2\/media?parent=3450"}],"wp:term":[{"taxonomy":"product_brand","embeddable":true,"href":"https:\/\/www.kubabastore.com\/index.php\/wp-json\/wp\/v2\/product_brand?post=3450"},{"taxonomy":"product_cat","embeddable":true,"href":"https:\/\/www.kubabastore.com\/index.php\/wp-json\/wp\/v2\/product_cat?post=3450"},{"taxonomy":"product_tag","embeddable":true,"href":"https:\/\/www.kubabastore.com\/index.php\/wp-json\/wp\/v2\/product_tag?post=3450"}],"curies":[{"name":"wp","href":"https:\/\/api.w.org\/{rel}","templated":true}]}}